{"id":24,"date":"2019-01-15T15:14:08","date_gmt":"2019-01-15T15:14:08","guid":{"rendered":"https:\/\/pension-polzin.de\/?page_id=24"},"modified":"2019-09-19T12:44:18","modified_gmt":"2019-09-19T12:44:18","slug":"ein-startseiten-abschnitt","status":"publish","type":"page","link":"https:\/\/pension-polzin.de\/","title":{"rendered":"Vermietung von Appartments und (Ferien) Wohnungen"},"content":{"rendered":"<p>Bei uns k\u00f6nnen Sie eine <strong>Ferienwohnung f\u00fcr den Urlaub<\/strong> mieten<\/p>\n<p>oder<\/p>\n<p>Sie brauchen f\u00fcr eine bestimmte Zeit ein <strong>m\u00f6bliertes Apartment oder Zimmer,<\/strong> weil Sie im Rhein-Neckar-Raum, einer Besch\u00e4ftigung nachgehen<\/p>\n<p>oder, oder, oder &#8230;&#8230;&#8230;&#8230;&#8230;&#8230;&#8230;&#8230;&nbsp;<\/p>\n<p>Bei uns sind Sie ab einer Dauer von 4 N\u00e4chten herzlich willkommen<\/p>\n","protected":false},"excerpt":{"rendered":"<p>Bei uns k\u00f6nnen Sie eine Ferienwohnung f\u00fcr den Urlaub mieten oder Sie brauchen f\u00fcr eine bestimmte Zeit ein m\u00f6bliertes Apartment oder Zimmer, weil Sie im Rhein-Neckar-Raum, einer Besch\u00e4ftigung nachgehen oder, oder, oder &#8230;&#8230;&#8230;&#8230;&#8230;&#8230;&#8230;&#8230;&nbsp; Bei uns sind Sie ab einer Dauer von 4 N\u00e4chten herzlich willkommen<\/p>\n","protected":false},"author":1,"featured_media":0,"parent":0,"menu_order":0,"comment_status":"closed","ping_status":"closed","template":"","meta":{"ngg_post_thumbnail":0,"footnotes":""},"class_list":["post-24","page","type-page","status-publish","hentry"],"_links":{"self":[{"href":"https:\/\/pension-polzin.de\/index.php?rest_route=\/wp\/v2\/pages\/24","targetHints":{"allow":["GET"]}}],"collection":[{"href":"https:\/\/pension-polzin.de\/index.php?rest_route=\/wp\/v2\/pages"}],"about":[{"href":"https:\/\/pension-polzin.de\/index.php?rest_route=\/wp\/v2\/types\/page"}],"author":[{"embeddable":true,"href":"https:\/\/pension-polzin.de\/index.php?rest_route=\/wp\/v2\/users\/1"}],"replies":[{"embeddable":true,"href":"https:\/\/pension-polzin.de\/index.php?rest_route=%2Fwp%2Fv2%2Fcomments&post=24"}],"version-history":[{"count":7,"href":"https:\/\/pension-polzin.de\/index.php?rest_route=\/wp\/v2\/pages\/24\/revisions"}],"predecessor-version":[{"id":221,"href":"https:\/\/pension-polzin.de\/index.php?rest_route=\/wp\/v2\/pages\/24\/revisions\/221"}],"wp:attachment":[{"href":"https:\/\/pension-polzin.de\/index.php?rest_route=%2Fwp%2Fv2%2Fmedia&parent=24"}],"curies":[{"name":"wp","href":"https:\/\/api.w.org\/{rel}","templated":true}]}}