{"id":21,"date":"2019-01-15T15:14:08","date_gmt":"2019-01-15T15:14:08","guid":{"rendered":"https:\/\/pension-polzin.de\/?page_id=21"},"modified":"2019-09-16T13:02:23","modified_gmt":"2019-09-16T13:02:23","slug":"ueber-mich","status":"publish","type":"page","link":"https:\/\/pension-polzin.de\/?page_id=21","title":{"rendered":"\u00dcber uns"},"content":{"rendered":"<h5><span class=\"Stil1\">Unser Haus<br \/>\n<\/span><\/h5>\n<p><img decoding=\"async\" class=\"alignleft\" src=\"https:\/\/pension-polzin.de\/images\/1p1.jpg\" alt=\"\" align=\"left\"><br \/>\nUnser Haus befindet sich in einem Anwesen mit langer Geschichte. Im 18. Jahrhundert erbaut, diente es lange Zeit der Herstellung von Malz f\u00fcr die ortsans\u00e4ssigen Brauereien. Als &#8222;Hessisches Haus&#8220; wurde dort auch selbstgebrautes Bier ausgeschenkt bis Johann Deeg es 1923 kaufte und es in eine M\u00fchle umwandelte.&nbsp; Die Viernheimer sprechen auch heute noch von der M\u00fchle Deeg. In den 60-er Jahren wurde sie stillgelegt. Daraufhin gr\u00fcndete Hilde Polzin, eine Tochter von Johann Deeg, die Pension Polzin. Ihre Tochter, Gabriella R\u00f6mmelt, fuhrt sie seit 1988 weiter. Sie nahm einige Umbauten vor und passte mit viel Liebe f\u00fcrs Detail das Haus dem Gusto der Zeit an.<\/p>\n<h5><span class=\"Stil1\">Wohnen auf zeit<br \/>\n<\/span><\/h5>\n<p>Wir sind ein kleines Haus mit pers\u00f6nlichem Ambiente. Als Familienbetrieb schaffen wir f\u00fcr unsere G\u00e4ste eine ruhige und entspannte Atmosph\u00e4re. Trotz der besonders ruhigen Lage kann der Gast in drei Minuten zu Fu\u00df die Innenstadt erreichen. Hier befinden sich u. a. Restaurants, Cafes, Banken, Post, Supermarkt und das Hallenbad mit Sauna.<\/p>\n<h5>F\u00fcr Unsere G\u00e4ste<\/h5>\n<ul>\n<li>haben wir im Haus eine M\u00fcnz-Waschmaschine und einen M\u00fcnz-Trockner der von den G\u00e4sten benutzt werden kann.<\/li>\n<li>haben kostenfreien Zugang zu unserem W-Lan<\/li>\n<li>f\u00fcr Auto oder Fahrrad gibt es Stellm\u00f6glichkeiten im Hof.<\/li>\n<\/ul>\n<p>Haben wir Sie neugierig gemacht? Dann freuen wir uns aufihren Besuch!<\/p>\n","protected":false},"excerpt":{"rendered":"<p>Unser Haus Unser Haus befindet sich in einem Anwesen mit langer Geschichte. Im 18. Jahrhundert erbaut, diente es lange Zeit der Herstellung von Malz f\u00fcr die ortsans\u00e4ssigen Brauereien. Als &#8222;Hessisches Haus&#8220; wurde dort auch selbstgebrautes Bier ausgeschenkt bis Johann Deeg es 1923 kaufte und es in eine M\u00fchle umwandelte.&nbsp; Die Viernheimer sprechen auch heute noch &hellip; <\/p>\n<p class=\"link-more\"><a href=\"https:\/\/pension-polzin.de\/?page_id=21\" class=\"more-link\"><span class=\"screen-reader-text\">\u201e\u00dcber uns\u201c <\/span>weiterlesen<\/a><\/p>\n","protected":false},"author":1,"featured_media":61,"parent":0,"menu_order":0,"comment_status":"closed","ping_status":"closed","template":"","meta":{"ngg_post_thumbnail":0,"footnotes":""},"class_list":["post-21","page","type-page","status-publish","has-post-thumbnail","hentry"],"_links":{"self":[{"href":"https:\/\/pension-polzin.de\/index.php?rest_route=\/wp\/v2\/pages\/21","targetHints":{"allow":["GET"]}}],"collection":[{"href":"https:\/\/pension-polzin.de\/index.php?rest_route=\/wp\/v2\/pages"}],"about":[{"href":"https:\/\/pension-polzin.de\/index.php?rest_route=\/wp\/v2\/types\/page"}],"author":[{"embeddable":true,"href":"https:\/\/pension-polzin.de\/index.php?rest_route=\/wp\/v2\/users\/1"}],"replies":[{"embeddable":true,"href":"https:\/\/pension-polzin.de\/index.php?rest_route=%2Fwp%2Fv2%2Fcomments&post=21"}],"version-history":[{"count":5,"href":"https:\/\/pension-polzin.de\/index.php?rest_route=\/wp\/v2\/pages\/21\/revisions"}],"predecessor-version":[{"id":200,"href":"https:\/\/pension-polzin.de\/index.php?rest_route=\/wp\/v2\/pages\/21\/revisions\/200"}],"wp:featuredmedia":[{"embeddable":true,"href":"https:\/\/pension-polzin.de\/index.php?rest_route=\/wp\/v2\/media\/61"}],"wp:attachment":[{"href":"https:\/\/pension-polzin.de\/index.php?rest_route=%2Fwp%2Fv2%2Fmedia&parent=21"}],"curies":[{"name":"wp","href":"https:\/\/api.w.org\/{rel}","templated":true}]}}